{"id":50,"date":"2019-02-25T14:34:54","date_gmt":"2019-02-25T13:34:54","guid":{"rendered":"https:\/\/webdata.uber.space\/wordpress\/?page_id=50"},"modified":"2023-03-23T15:24:02","modified_gmt":"2023-03-23T14:24:02","slug":"praevention","status":"publish","type":"page","link":"https:\/\/www.gesundheitspraxis-neuss.com\/wordpress\/praevention\/","title":{"rendered":"Pr\u00e4vention"},"content":{"rendered":"\n<article>\n<p>\nIm besten Fall gelingt es eine Erkrankung durch eine rechtzeitige Abkl\u00e4rung zu verhindern. Hierzu bieten wir Pr\u00e4ventionsuntersuchungen sog. Check ups an:<br>\n<br>\n    \u2022 Einmalig ab dem 18. Lebensjahr<br>\n    \u2022 Alle 3 Jahre ab dem 35. Lebensjahr<br>\n<br>\nDer Check up beinhaltet eine ausf\u00fchrliche Befragung, eine gr\u00fcndliche k\u00f6rperliche Untersuchung und Labortests. Falls erforderlich schlie\u00dfen wir diesen Untersuchungen weitere Tests und Untersuchungen wie z.B. Ultraschall an. Am Ende eines Check ups steht eine umfassende Gesundheitsberatung.\n<\/p>\n<details open=\"\">\n<summary><i class=\"fa fa-caret-right\"><\/i> Krebsvorsorge M\u00e4nner (ab dem 45. Lebensjahr) <\/summary>\n<p>Je fr\u00fcher eine Krebserkrankung erkannt wird, umso gr\u00f6\u00dfer sind in der Regel die Heilungschancen. Dies unterstreicht, wie wichtig eine regelm\u00e4\u00dfige Krebsvorsorge ist.\n<br>\nAls Ihr Haus\u00e4rzteteam bieten wir unseren m\u00e4nnlichen Patienten ab dem 45. Lebensjahr eine j\u00e4hrliche Krebsvorsorgeuntersuchung an. Die Krebsvorsorge bei Frauen erfolgt durch Ihre Gyn\u00e4kologin \/ Ihren Gyn\u00e4kologen.\n<br>\nDar\u00fcber hinaus bieten wir allen Patientinnen und Patienten ab dem 35. Lebensjahr alle 2 Jahre eine Hautkrebsuntersuchung an.\n<\/p>\n<\/details>\n<details>\n<summary><i class=\"fa fa-caret-right\"><\/i> Hautkrebs-Screening (ab dem 35. Lebensjahr) <\/summary>\n<\/details>\n<details open=\"\">\n<summary><i class=\"fa fa-caret-right\"><\/i> Atherosklerose-Check (erweiterte Gesundheitsvorsorgeuntersuchung)<\/summary>\n<p><br>\n\u2022 Gef\u00e4\u00dfultraschall der Halsschlagadern<br>\n\u2022 Belastungs-EKG <br>\n\u2022 BZ, Cholesterin \n<\/p>\n<\/details>\n\n<\/article>\n\n\n\n<p><\/p>\n","protected":false},"excerpt":{"rendered":"<p>Im besten Fall gelingt es eine Erkrankung durch eine rechtzeitige Abkl\u00e4rung zu verhindern. Hierzu bieten wir Pr\u00e4ventionsuntersuchungen sog. Check ups an: \u2022 Einmalig ab dem 18. Lebensjahr \u2022 Alle 3 Jahre ab dem 35. Lebensjahr Der Check up beinhaltet eine ausf\u00fchrliche Befragung, eine gr\u00fcndliche k\u00f6rperliche Untersuchung und Labortests. Falls erforderlich schlie\u00dfen wir diesen Untersuchungen weitere&#8230;<\/p>\n","protected":false},"author":1,"featured_media":0,"parent":0,"menu_order":0,"comment_status":"closed","ping_status":"closed","template":"","meta":{"footnotes":""},"class_list":["post-50","page","type-page","status-publish","hentry"],"_links":{"self":[{"href":"https:\/\/www.gesundheitspraxis-neuss.com\/wordpress\/wp-json\/wp\/v2\/pages\/50","targetHints":{"allow":["GET"]}}],"collection":[{"href":"https:\/\/www.gesundheitspraxis-neuss.com\/wordpress\/wp-json\/wp\/v2\/pages"}],"about":[{"href":"https:\/\/www.gesundheitspraxis-neuss.com\/wordpress\/wp-json\/wp\/v2\/types\/page"}],"author":[{"embeddable":true,"href":"https:\/\/www.gesundheitspraxis-neuss.com\/wordpress\/wp-json\/wp\/v2\/users\/1"}],"replies":[{"embeddable":true,"href":"https:\/\/www.gesundheitspraxis-neuss.com\/wordpress\/wp-json\/wp\/v2\/comments?post=50"}],"version-history":[{"count":9,"href":"https:\/\/www.gesundheitspraxis-neuss.com\/wordpress\/wp-json\/wp\/v2\/pages\/50\/revisions"}],"predecessor-version":[{"id":520,"href":"https:\/\/www.gesundheitspraxis-neuss.com\/wordpress\/wp-json\/wp\/v2\/pages\/50\/revisions\/520"}],"wp:attachment":[{"href":"https:\/\/www.gesundheitspraxis-neuss.com\/wordpress\/wp-json\/wp\/v2\/media?parent=50"}],"curies":[{"name":"wp","href":"https:\/\/api.w.org\/{rel}","templated":true}]}}