{"id":308,"date":"2020-01-13T18:55:15","date_gmt":"2020-01-13T17:55:15","guid":{"rendered":"http:\/\/www.gesundheitspraxis-neuss.com\/wordpress\/?page_id=308"},"modified":"2021-05-03T14:19:59","modified_gmt":"2021-05-03T12:19:59","slug":"neue-patienten","status":"publish","type":"page","link":"https:\/\/www.gesundheitspraxis-neuss.com\/wordpress\/neue-patienten\/","title":{"rendered":"Neue Patienten"},"content":{"rendered":"<p>Wir w\u00fcrden uns freuen, wenn Sie unseren <a href=\"https:\/\/www.gesundheitspraxis-neuss.com\/wordpress\/wp-content\/uploads\/2020\/01\/Annamnesebogen.pdf\">Anamnesebogen<\/a> ausgef\u00fcllt zu Ihrem ersten Termin bei uns mitbringen.<\/p>\n<p>So verk\u00fcrzen Sie Ihre Wartezeit. Selbstverst\u00e4ndlich k\u00f6nnen Sie den Bogen jedoch auch in der Praxis erhalten und dort ausf\u00fcllen.<\/p>\n<p><a href=\"https:\/\/www.gesundheitspraxis-neuss.com\/wordpress\/wp-content\/uploads\/2020\/01\/Annamnesebogen.pdf\"><i class=\"fa fa-file-pdf-o\" aria-hidden=\"true\"><\/i> Annamnesebogen als PDF hier herunterladen<\/a><\/p>\n<p>Patientinnen und Patienten, die einen Antigen-Schnelltest auf Covid-19 durchf\u00fchren lassen wollen, bitten wir die Einverst\u00e4ndnis- sowie Datenschutzerkl\u00e4rung zum Corona Test auszuf\u00fcllen.<\/p>\n<p><a href=\"https:\/\/www.gesundheitspraxis-neuss.com\/wordpress\/wp-content\/uploads\/2021\/03\/einverstaendniserklarung_datenschutz_coronoatest.pdf\" target=\"_blank\" rel=\"noopener noreferrer\"><i class=\"fa fa-file-pdf-o\" aria-hidden=\"true\"><\/i> Einverst\u00e4ndnis- und Datenschutzerkl\u00e4rung Coronoatest<\/a><\/p>\n<p>Patientinnen und Patienten, die eine Schutzimpfung gegen COVID-19 mit mRNA-Impfstoffen (Comirnaty\u00ae von BioNTech\/Pfizer, COVID-19 Vaccine Moderna\u00ae von Moderna) durchf\u00fchren lassen wollen, bitten wir darum, das Aufkl\u00e4rungsmerkblatt zur Impfung auszuf\u00fcllen und zum Impftermin mitzubringen.<\/p>\n<p><a href=\"https:\/\/www.gesundheitspraxis-neuss.com\/wordpress\/wp-content\/uploads\/2021\/04\/aufklaerungsbogen-covidimpfungde.pdf\" target=\"_blank\" rel=\"noopener noreferrer\"><i class=\"fa fa-file-pdf-o\" aria-hidden=\"true\"><\/i> Aufkl\u00e4rungsbogen Covid Impfung mRNA-Impfstoff (Stand: 11.Januar 2021)<\/a><\/p>\n<p>Patientinnen und Patienten, die eine Schutzimpfung gegen COVID-19 mit einem Vektor-Impfstoff( Vaxzevria\u00ae, ehemals COVID-19 Vaccine AstraZeneca von AstraZeneca, COVID-19 Vaccine Janssen\u00ae von Johnson &amp; Johnson) durchf\u00fchren lassen wollen, bitten wir darum, das Aufkl\u00e4rungsmerkblatt zur Impfung mit Vektorimpfstoffen auszuf\u00fcllen und zum Impftermin mitzubringen.<\/p>\n<p><a href=\"https:\/\/www.gesundheitspraxis-neuss.com\/wordpress\/wp-content\/uploads\/2021\/05\/aufklaerungsbogen_vektorimpfstoffen_stand20210423.pdf\" target=\"_blank\" rel=\"noopener noreferrer\"><i class=\"fa fa-file-pdf-o\" aria-hidden=\"true\"><\/i> Aufkl\u00e4rungsbogen Covid Impfung Verktorimpfstoff (Stand: 23.April 2021)<\/a><\/p>\n","protected":false},"excerpt":{"rendered":"<p>Wir w\u00fcrden uns freuen, wenn Sie unseren Anamnesebogen ausgef\u00fcllt zu Ihrem ersten Termin bei uns mitbringen. So verk\u00fcrzen Sie Ihre Wartezeit. Selbstverst\u00e4ndlich k\u00f6nnen Sie den Bogen jedoch auch in der Praxis erhalten und dort ausf\u00fcllen. Annamnesebogen als PDF hier herunterladen Patientinnen und Patienten, die einen Antigen-Schnelltest auf Covid-19 durchf\u00fchren lassen wollen, bitten wir die Einverst\u00e4ndnis-&#8230;<\/p>\n","protected":false},"author":1,"featured_media":0,"parent":0,"menu_order":0,"comment_status":"closed","ping_status":"closed","template":"","meta":{"footnotes":""},"class_list":["post-308","page","type-page","status-publish","hentry"],"_links":{"self":[{"href":"https:\/\/www.gesundheitspraxis-neuss.com\/wordpress\/wp-json\/wp\/v2\/pages\/308","targetHints":{"allow":["GET"]}}],"collection":[{"href":"https:\/\/www.gesundheitspraxis-neuss.com\/wordpress\/wp-json\/wp\/v2\/pages"}],"about":[{"href":"https:\/\/www.gesundheitspraxis-neuss.com\/wordpress\/wp-json\/wp\/v2\/types\/page"}],"author":[{"embeddable":true,"href":"https:\/\/www.gesundheitspraxis-neuss.com\/wordpress\/wp-json\/wp\/v2\/users\/1"}],"replies":[{"embeddable":true,"href":"https:\/\/www.gesundheitspraxis-neuss.com\/wordpress\/wp-json\/wp\/v2\/comments?post=308"}],"version-history":[{"count":14,"href":"https:\/\/www.gesundheitspraxis-neuss.com\/wordpress\/wp-json\/wp\/v2\/pages\/308\/revisions"}],"predecessor-version":[{"id":410,"href":"https:\/\/www.gesundheitspraxis-neuss.com\/wordpress\/wp-json\/wp\/v2\/pages\/308\/revisions\/410"}],"wp:attachment":[{"href":"https:\/\/www.gesundheitspraxis-neuss.com\/wordpress\/wp-json\/wp\/v2\/media?parent=308"}],"curies":[{"name":"wp","href":"https:\/\/api.w.org\/{rel}","templated":true}]}}