{"id":29,"date":"2019-02-25T13:54:22","date_gmt":"2019-02-25T12:54:22","guid":{"rendered":"https:\/\/webdata.uber.space\/wordpress\/?page_id=29"},"modified":"2024-09-18T19:09:02","modified_gmt":"2024-09-18T17:09:02","slug":"startseite","status":"publish","type":"page","link":"https:\/\/www.gesundheitspraxis-neuss.com\/wordpress\/","title":{"rendered":"Gesundheitspraxis Neuss"},"content":{"rendered":"\n<div class=\"shadowblock\"><div  class=\"lgc-column lgc-grid-parent lgc-grid-40 lgc-tablet-grid-40 lgc-mobile-grid-100 lgc-equal-heights \"><div  class=\"inside-grid-column\"><br \/><img decoding=\"async\" src=\"https:\/\/www.gesundheitspraxis-neuss.com\/wordpress\/wp-content\/uploads\/2019\/03\/stetoskop-1024x632.png\" width=\"100%\" border=\"0\"\/><br \/><\/div><\/div><br><div  class=\"lgc-column lgc-grid-parent lgc-grid-60 lgc-tablet-grid-60 lgc-mobile-grid-100 lgc-equal-heights \"><div  class=\"inside-grid-column\"><br \/><span class=\"teamperson\">Dr. med. Andreas Kutscha<\/span>\n<h2>Gesundheitspraxis Neuss<\/h2>\ngemeinsam \u2013 f\u00fcrsorglich \u2013 evidenzbasiert &#8211; ganzheitlich<br \/><br \/>\n<span style=\"font-size:1.2em\"><a href=\"https:\/\/www.facebook.com\/Gesundheitspraxis.Neuss.Allerheiligen\/\" target=\"_blank\" rel=\"noopener noreferrer\">Folgen Sie uns auf Facebook f\u00fcr aktuelle Informationen:<\/a><\/span><br \/>\n<a href=\"https:\/\/facebook.com\/Gesundheitspraxis.Neuss.Allerheiligen\/\" target=\"_blank\" rel=\"noopener noreferrer\">https:\/\/facebook.com\/Gesundheitspraxis.Neuss.Allerheiligen<\/a><\/div><\/div><div class=\"lgc-clear\"><\/div>\n\n<\/div>\n<p>\n<\/p>\n<div  class=\"lgc-column lgc-grid-parent lgc-grid-40 lgc-tablet-grid-40 lgc-mobile-grid-100 lgc-equal-heights \"><div  class=\"inside-grid-column\">\n\n<div class=\"shadowblock\">\n<h2>Sprechzeiten<\/h2>\n\t\n\t<table border=\"0\">\n<tr>\n\t<td style=\"text-align: left;\" colspan=\"1\">Mo:<\/td>\n\t<td>08:00 &#8211; 12:30<\/td>\n\t<td>15:30 &#8211; 17:00<\/td>\n<\/tr>\n<tr>\n\t<td style=\"text-align: left;\" colspan=\"1\">Di:<\/td><\n\t<td>08:00 &#8211; 12:30<\/td>\n\t<td>15:30 &#8211; 17:00<\/td>\n<\/tr>\n<tr>\n\t<td style=\"text-align: left;\" colspan=\"1\">Mi:<\/td>\n\t<td>08:00 &#8211; 12:30<\/td>\n\t<td>&nbsp;<\/td>\n<\/tr>\n<tr>\n\t<td style=\"text-align: left;\" colspan=\"1\">Do:<\/td>\n\t<td>08:00 &#8211; 12:30<\/td>\n\t<td>14:00 &#8211; 17:00<\/td>\n<\/tr>\n<tr>\n\t<td style=\"text-align: left;\" colspan=\"1\">Fr:<\/td>\n\t<td>08:00 &#8211; 12:30<\/td>\n\t<td>&nbsp;<\/td>\n\t<\/tr>\n<\/table>\nBitte vereinbaren Sie wenn m\u00f6glich <a href=\"tel:\/\/+49213777265\">telefonisch<\/a> einen Termin zur Sprechstunde.<br \/>\nNotf\u00e4lle k\u00f6nnen selbstverst\u00e4ndlich jederzeit kommen.\n<\/div>\n<\/div><\/div><div  class=\"lgc-column lgc-grid-parent lgc-grid-60 lgc-tablet-grid-60 lgc-mobile-grid-100 lgc-equal-heights \"><div  class=\"inside-grid-column\">\n<div class=\"shadowblock\">\n<h2>Neue Patienten<\/h2>\n\tWir w\u00fcrden uns freuen, wenn Sie unseren \t<a href=\"https:\/\/www.gesundheitspraxis-neuss.com\/wordpress\/wp-content\/uploads\/2020\/01\/Annamnesebogen.pdf\"> Anamnesebogen<\/a> ausgef\u00fcllt zu Ihrem ersten Termin bei uns mitbringen. So verk\u00fcrzen Sie Ihre Wartezeit. Selbstverst\u00e4ndlich k\u00f6nnen Sie den Bogen jedoch auch in der Praxis erhalten und dort ausf\u00fcllen.\n\t<br \/><br \/>\n\t<a href=\"https:\/\/www.gesundheitspraxis-neuss.com\/wordpress\/wp-content\/uploads\/2020\/01\/Annamnesebogen.pdf\"><i class=\"fa fa-file-pdf-o\" aria-hidden=\"true\"><\/i> PDF Annamnesebogen <\/a><\/div>\n<\/div><\/div><div class=\"lgc-clear\"><\/div>\n","protected":false},"excerpt":{"rendered":"","protected":false},"author":1,"featured_media":0,"parent":0,"menu_order":0,"comment_status":"closed","ping_status":"closed","template":"","meta":{"footnotes":""},"class_list":["post-29","page","type-page","status-publish","hentry"],"_links":{"self":[{"href":"https:\/\/www.gesundheitspraxis-neuss.com\/wordpress\/wp-json\/wp\/v2\/pages\/29","targetHints":{"allow":["GET"]}}],"collection":[{"href":"https:\/\/www.gesundheitspraxis-neuss.com\/wordpress\/wp-json\/wp\/v2\/pages"}],"about":[{"href":"https:\/\/www.gesundheitspraxis-neuss.com\/wordpress\/wp-json\/wp\/v2\/types\/page"}],"author":[{"embeddable":true,"href":"https:\/\/www.gesundheitspraxis-neuss.com\/wordpress\/wp-json\/wp\/v2\/users\/1"}],"replies":[{"embeddable":true,"href":"https:\/\/www.gesundheitspraxis-neuss.com\/wordpress\/wp-json\/wp\/v2\/comments?post=29"}],"version-history":[{"count":65,"href":"https:\/\/www.gesundheitspraxis-neuss.com\/wordpress\/wp-json\/wp\/v2\/pages\/29\/revisions"}],"predecessor-version":[{"id":586,"href":"https:\/\/www.gesundheitspraxis-neuss.com\/wordpress\/wp-json\/wp\/v2\/pages\/29\/revisions\/586"}],"wp:attachment":[{"href":"https:\/\/www.gesundheitspraxis-neuss.com\/wordpress\/wp-json\/wp\/v2\/media?parent=29"}],"curies":[{"name":"wp","href":"https:\/\/api.w.org\/{rel}","templated":true}]}}