{"id":120,"date":"2019-02-25T16:58:08","date_gmt":"2019-02-25T15:58:08","guid":{"rendered":"https:\/\/webdata.uber.space\/wordpress\/?page_id=120"},"modified":"2024-12-12T13:17:46","modified_gmt":"2024-12-12T12:17:46","slug":"impressum","status":"publish","type":"page","link":"https:\/\/www.gesundheitspraxis-neuss.com\/wordpress\/impressum\/","title":{"rendered":"Impressum"},"content":{"rendered":"<p><strong>Berufsaus\u00fcbungsgemeinschaft<br \/>\nGesundheits-Praxis Neuss<\/strong><\/p>\n<p>Dr. med. Andreas Kutscha<br \/>\nAlbertus-Magnus-Str. 15<br \/>\n41470 Neuss-Allerheiligen<br \/>\nTel. +49.2137.77265 \u2013 FAX. +49.2137.104825<br \/>\nE-Mail:info@gesundheitspraxis-neuss.com<\/p>\n<p>Allgemeine Informationspflicht Paragraph 6 TDG:<\/p>\n<p>Dr. med. Andreas Kutscha<\/p>\n<p>Facharzt f\u00fcr Innere Medizin, Kardiologie, Pneumologie, Schlafmedizin<br \/>\n<strong>Zust\u00e4ndige Aufsichtsbeh\u00f6rde:<\/strong> <a href=\"http:\/\/www.aekno.de\/htmljava\/index.asp\" target=\"_blank\" rel=\"noopener noreferrer\">Landes\u00e4rztekammer Nordrhein-Westfalen<\/a><\/p>\n<p><strong>Die Berufsordnung<\/strong> der Bundes\u00e4rztekammer finden Sie hier: <a href=\"http:\/\/www.bundesaerztekammer.de\/30\/Berufsordnung\/Mbopdf.pdf\" target=\"_blank\" rel=\"noopener noreferrer\">Berufsordnung als pdf-Datei<\/a><\/p>\n<p><strong>Die Berufsordnung<\/strong> der zust\u00e4ndigen Aufsichtsbeh\u00f6rde finden Sie bei der <a href=\"http:\/\/www.aekno.de\/htmljava\/frameset_html.asp?typ=c&amp;seite=berufsordnung.htm\" target=\"_blank\" rel=\"noopener noreferrer\">Landes\u00e4rztekammer Nordrhein-Westfalen.<\/a><\/p>\n<p>Die Berufsbezeichnung \u201eArzt\u201c wurde in Deutschland verliehen.<\/p>\n<p><strong>Heilberufsgesetz<\/strong> des Landes Nordrheinwestfalen: <strong><a href=\"http:\/\/www.praxis-dr-kochs.de\/wp-content\/uploads\/2015\/05\/heilberufsgesetz-nrw-2013-1.pdf\" target=\"_blank\" rel=\"noopener noreferrer\">Heilberufgesetz NRW<\/a><\/strong><\/p>\n<p>URHEBERRECHT<br \/>\nDie durch die Seitenbetreiber erstellten Inhalte und Werke auf diesen Seiten unterliegen dem deutschen Urheberrecht. Die Vervielf\u00e4ltigung, Bearbeitung, Verbreitung und jede Art der Verwertung au\u00dferhalb der Grenzen des Urheberrechtes bed\u00fcrfen der schriftlichen Zustimmung des jeweiligen Autors bzw. Erstellers. Downloads und Kopien dieser Seite sind nur f\u00fcr den privaten, nicht kommerziellen Gebrauch gestattet. Soweit die Inhalte auf dieser Seite nicht vom Betreiber erstellt wurden, werden die Urheberrechte Dritter beachtet. Insbesondere werden Inhalte Dritter als solche gekennzeichnet. Sollten Sie trotzdem auf eine Urheberrechtsverletzung aufmerksam werden, bitten wir um einen entsprechenden Hinweis. Bei Bekanntwerden von Rechtsverletzungen werden wir derartige Inhalte umgehend entfernen.<\/p>\n<p>HAFTUNG F\u00dcR LINKS<br \/>\nUnser Angebot enth\u00e4lt Links zu externen Webseiten Dritter, auf deren Inhalte wir keinen Einfluss haben. Deshalb k\u00f6nnen wir f\u00fcr diese fremden Inhalte auch keine Gew\u00e4hr \u00fcbernehmen. F\u00fcr die Inhalte der verlinkten Seiten ist stets der jeweilige Anbieter oder Betreiber der Seiten verantwortlich. Die verlinkten Seiten wurden zum Zeitpunkt der Verlinkung auf m\u00f6gliche Rechtsverst\u00f6\u00dfe \u00fcberpr\u00fcft. Rechtswidrige Inhalte waren zum Zeitpunkt der Verlinkung nicht erkennbar. Eine permanente inhaltliche Kontrolle der verlinkten Seiten ist jedoch ohne konkrete Anhaltspunkte einer Rechtsverletzung nicht zumutbar. Bei Bekanntwerden von Rechtsverletzungen werden wir derartige Links umgehend entfernen.<\/p>\n<p>WARENZEICHEN \/ TRADEMARKS<br \/>\nAlle auf dieser Website zitierten Warenzeichen, Produktnamen und Firmennamen bzw. -logos sind das Alleineigentum der jeweiligen Besitzer. Sie dienen nur als Anwendungshinweis.<\/p>\n<p>Erkl\u00e4rung zum Datenschutz<br \/>\nAn dieser Stelle m\u00f6chten wir Ihnen mitteilen, wie wir mit den Daten unserer Besucher umgehen.<br \/>\nErkl\u00e4rung:<br \/>\n1.) www.gesundheitspraxis-neuss.com speichert keine pers\u00f6nlichen Daten seiner Besucher.<br \/>\n2.) Daten aus unseren Logfiles werden nicht an Dritte weitergereicht. Diese Daten werden nur von uns ausgewertet und zur Verbesserung unseres Angebotes verwendet. Die Logfiles enthalten keine pers\u00f6nlichen Informationen \u00fcber unsere Besucher!<br \/>\n3.) Daten aus E-Mails, die Sie uns schreiben, werden nicht an Dritte weitergereicht. Das gleiche gilt f\u00fcr die Daten, die Sie uns \u00fcber unsere Formulare zusenden. Diese Daten werden nur von unserem Team bearbeitet und sicher verwahrt. Die mit E-Mails und Formularen verbundenen Anfragen etc. werden vertraulich bearbeitet und keinem Dritten zur Verf\u00fcgung gestellt. Auch diese Daten werden sicher aufbewahrt.<\/p>\n<p>Diese Website wurde mit gr\u00f6\u00dftm\u00f6glicher Sorgfalt zusammengestellt. Trotzdem kann keine Gew\u00e4hr f\u00fcr die Fehlerfreiheit und Genauigkeit der enthaltenen Informationen \u00fcbernommen werden. Jegliche Haftung f\u00fcr Sch\u00e4den, die direkt oder indirekt aus der Nutzung dieser Website entstehen, wird ausgeschlossen, soweit diese nicht auf Vorsatz oder grober Fahrl\u00e4ssigkeit beruhen.<\/p>\n<p>Disclaimer<br \/>\nDer Disclaimer regelt die Benutzung des Gesundheitspraxis Neuss. Zu zahlreichen Seiten, insbesondere Informationsangeboten, besteht ein unentgeltlicher und freier Zugang f\u00fcr den User. F\u00fcr diese frei nutzbaren Seiten \u00fcbernehmen wir keine Verantwortung f\u00fcr die Aktualit\u00e4t, Richtigkeit und Vollst\u00e4ndigkeit der Inhalte und die Ergebnisse, die der Nutzer oder Dritte auf Grund von Informationen der Web-Seiten erzielen zu k\u00f6nnen meint, und f\u00fcr Informationen Dritter, die auf diesen Web-Seiten enthalten oder \u00fcber diese zug\u00e4nglich sind. Wir \u00fcbernehmen keine Gew\u00e4hrleistung daf\u00fcr, dass die Inhalte auf diesen Web-Seiten frei von Fehlern und f\u00fcr bestimmte Zwecke geeignet sind. Der Abruf der bereitgehaltenen Informationen darf nur in einer Weise geschehen, der die Nutzung unseres Online-Angebotes durch die \u00fcbrigen Besucher nicht wesentlich beeintr\u00e4chtigt.<\/p>\n<p>Urhebernutzungsrechte<br \/>\nDie Web-Seiten der Gesundheitspraxis Neuss, ihre Struktur und s\u00e4mtliche darin enthaltenen Funktionalit\u00e4ten, Informationen, Daten, Texte, Bild- und Tonmaterialien sowie alle zur Funktionalit\u00e4t dieser Web-Seiten eingesetzten Komponenten unterliegen dem gesetzlich gesch\u00fctzten Urheberrecht. Der User darf die Inhalte nur im Rahmen der angebotenen Funktionalit\u00e4ten der Web-Seiten f\u00fcr seinen pers\u00f6nlichen Gebrauch nutzen und erwirbt im \u00dcbrigen keinerlei Rechte an den Inhalten und Programmen.<\/p>\n<p>Links<br \/>\nDie Web-Seiten des Internetangebots k\u00f6nnen Links zu den Web-Seiten anderer Anbieter enthalten, f\u00fcr deren Inhalte wir keine Haftung \u00fcbernehmen. Die Einrichtung eines Hyper- und eines Inline-Links von anderen Webseiten auf die Webseiten der Gesundheitspraxis Neuss, ohne vorherige schriftliche Zustimmung von uns, wird nicht untersagt, es ist allerdings unzul\u00e4ssig, die zum Internetangebot der Gesundheitspraxis Neuss geh\u00f6renden Webseiten oder deren Inhalte mittels Hyperlink in einem Teilfenster (Frame) einzubinden oder darzustellen.<\/p>\n<p>Anwendbares Recht<br \/>\nDiese Bedingungen unterliegen deutschem Recht.<\/p>\n","protected":false},"excerpt":{"rendered":"<p>Berufsaus\u00fcbungsgemeinschaft Gesundheits-Praxis Neuss Dr. med. Andreas Kutscha Albertus-Magnus-Str. 15 41470 Neuss-Allerheiligen Tel. +49.2137.77265 \u2013 FAX. +49.2137.104825 E-Mail:info@gesundheitspraxis-neuss.com Allgemeine Informationspflicht Paragraph 6 TDG: Dr. med. Andreas Kutscha Facharzt f\u00fcr Innere Medizin, Kardiologie, Pneumologie, Schlafmedizin Zust\u00e4ndige Aufsichtsbeh\u00f6rde: Landes\u00e4rztekammer Nordrhein-Westfalen Die Berufsordnung der Bundes\u00e4rztekammer finden Sie hier: Berufsordnung als pdf-Datei Die Berufsordnung der zust\u00e4ndigen Aufsichtsbeh\u00f6rde finden Sie bei&#8230;<\/p>\n","protected":false},"author":1,"featured_media":0,"parent":0,"menu_order":0,"comment_status":"closed","ping_status":"closed","template":"","meta":{"footnotes":""},"class_list":["post-120","page","type-page","status-publish","hentry"],"_links":{"self":[{"href":"https:\/\/www.gesundheitspraxis-neuss.com\/wordpress\/wp-json\/wp\/v2\/pages\/120","targetHints":{"allow":["GET"]}}],"collection":[{"href":"https:\/\/www.gesundheitspraxis-neuss.com\/wordpress\/wp-json\/wp\/v2\/pages"}],"about":[{"href":"https:\/\/www.gesundheitspraxis-neuss.com\/wordpress\/wp-json\/wp\/v2\/types\/page"}],"author":[{"embeddable":true,"href":"https:\/\/www.gesundheitspraxis-neuss.com\/wordpress\/wp-json\/wp\/v2\/users\/1"}],"replies":[{"embeddable":true,"href":"https:\/\/www.gesundheitspraxis-neuss.com\/wordpress\/wp-json\/wp\/v2\/comments?post=120"}],"version-history":[{"count":4,"href":"https:\/\/www.gesundheitspraxis-neuss.com\/wordpress\/wp-json\/wp\/v2\/pages\/120\/revisions"}],"predecessor-version":[{"id":588,"href":"https:\/\/www.gesundheitspraxis-neuss.com\/wordpress\/wp-json\/wp\/v2\/pages\/120\/revisions\/588"}],"wp:attachment":[{"href":"https:\/\/www.gesundheitspraxis-neuss.com\/wordpress\/wp-json\/wp\/v2\/media?parent=120"}],"curies":[{"name":"wp","href":"https:\/\/api.w.org\/{rel}","templated":true}]}}