{"id":109,"date":"2019-02-25T16:27:56","date_gmt":"2019-02-25T15:27:56","guid":{"rendered":"https:\/\/webdata.uber.space\/wordpress\/?page_id=109"},"modified":"2024-12-12T13:22:24","modified_gmt":"2024-12-12T12:22:24","slug":"anfahrt","status":"publish","type":"page","link":"https:\/\/www.gesundheitspraxis-neuss.com\/wordpress\/anfahrt\/","title":{"rendered":"Anfahrt"},"content":{"rendered":"<div  class=\"lgc-column lgc-grid-parent lgc-grid-50 lgc-tablet-grid-50 lgc-mobile-grid-100 lgc-equal-heights \"><div  class=\"inside-grid-column\"><br \/>\n<strong>Gesundheitspraxis Neuss<\/strong>\n<p>Dr. Andreas Kutscha<br \/>\nAlbertus-Magnus-Str. 15<br \/>\n41470 Neuss-Allerheiligen<\/p>\n<p><\/p><\/div><\/div>\n<div  class=\"lgc-column lgc-grid-parent lgc-grid-50 lgc-tablet-grid-50 lgc-mobile-grid-100 lgc-equal-heights \"><div  class=\"inside-grid-column\"><br \/>\n<strong>Kontakt<\/strong>\n<p><a href=\"tel:+49213777265\"><i class=\"fa fa-phone\"><\/i> Tel. &nbsp; 02137 \/ 77265<\/a><br \/>\n<a href=\"tel:+492137104825\"><i class=\"fa fa-fax\"><\/i> Fax. 02137 \/ 104825<\/a><\/p>\n<p><a href=\"mailto:info@gesundheitspraxis-neuss.com\"><i class=\"fa fa-envelope\"><\/i> info@gesundheitspraxis-neuss.com<\/a><br \/>\n<\/p><\/div><\/div><div class=\"lgc-clear\"><\/div>\n<a href=\"https:\/\/www.openstreetmap.org\/export\/embed.html?bbox=6.742105185985566%2C51.13782141277547%2C6.746584475040437%2C51.13919972816149&amp;layer=mapnik\" target=\"_blank\" rel=\"noopener\"><img loading=\"lazy\" decoding=\"async\" width=\"425\" height=\"350\" src=\"https:\/\/www.gesundheitspraxis-neuss.com\/wordpress\/wp-content\/uploads\/2022\/11\/anfahr_neuss_gesundheitspraxis.png\"><\/a><\/p>\n<p><small><a href=\"https:\/\/www.openstreetmap.org\/#map=19\/51.13851\/6.74434\">Grafik von Openstreetmap. Klicken Sie hier f\u00fcr eine interaktive Ansicht<\/a><\/small><\/p>\n<h2>Parkm\u00f6glichkeiten<\/h2>\n<p>Parkpl\u00e4tze f\u00fcr die Anfahrt per PKW sind vorhanden.<\/p>\n<h2>Anfahrt mit \u00f6ffentlichen Verkehsmitteln<\/h2>\n<p>Niederflurbus 841 bis Haltestelle &#8222;Albert-Schweitzer-Str&#8220;<\/p>\n","protected":false},"excerpt":{"rendered":"<p>Grafik von Openstreetmap. Klicken Sie hier f\u00fcr eine interaktive Ansicht Parkm\u00f6glichkeiten Parkpl\u00e4tze f\u00fcr die Anfahrt per PKW sind vorhanden. Anfahrt mit \u00f6ffentlichen Verkehsmitteln Niederflurbus 841 bis Haltestelle &#8222;Albert-Schweitzer-Str&#8220;<\/p>\n","protected":false},"author":1,"featured_media":0,"parent":0,"menu_order":0,"comment_status":"closed","ping_status":"closed","template":"","meta":{"footnotes":""},"class_list":["post-109","page","type-page","status-publish","hentry"],"_links":{"self":[{"href":"https:\/\/www.gesundheitspraxis-neuss.com\/wordpress\/wp-json\/wp\/v2\/pages\/109","targetHints":{"allow":["GET"]}}],"collection":[{"href":"https:\/\/www.gesundheitspraxis-neuss.com\/wordpress\/wp-json\/wp\/v2\/pages"}],"about":[{"href":"https:\/\/www.gesundheitspraxis-neuss.com\/wordpress\/wp-json\/wp\/v2\/types\/page"}],"author":[{"embeddable":true,"href":"https:\/\/www.gesundheitspraxis-neuss.com\/wordpress\/wp-json\/wp\/v2\/users\/1"}],"replies":[{"embeddable":true,"href":"https:\/\/www.gesundheitspraxis-neuss.com\/wordpress\/wp-json\/wp\/v2\/comments?post=109"}],"version-history":[{"count":13,"href":"https:\/\/www.gesundheitspraxis-neuss.com\/wordpress\/wp-json\/wp\/v2\/pages\/109\/revisions"}],"predecessor-version":[{"id":590,"href":"https:\/\/www.gesundheitspraxis-neuss.com\/wordpress\/wp-json\/wp\/v2\/pages\/109\/revisions\/590"}],"wp:attachment":[{"href":"https:\/\/www.gesundheitspraxis-neuss.com\/wordpress\/wp-json\/wp\/v2\/media?parent=109"}],"curies":[{"name":"wp","href":"https:\/\/api.w.org\/{rel}","templated":true}]}}